{"id":1139,"date":"2019-07-04T14:11:09","date_gmt":"2019-07-04T14:11:09","guid":{"rendered":"https:\/\/dev.ubiqny.com\/?page_id=1139"},"modified":"2019-07-09T09:29:40","modified_gmt":"2019-07-09T09:29:40","slug":"greenpoint","status":"publish","type":"page","link":"https:\/\/dev.ubiqny.com\/it\/quartieri\/greenpoint\/","title":{"rendered":"Greenpoint"},"content":{"rendered":"","protected":false},"excerpt":{"rendered":"","protected":false},"author":1,"featured_media":289,"parent":717,"menu_order":0,"comment_status":"closed","ping_status":"open","template":"","meta":{"footnotes":""},"class_list":["post-1139","page","type-page","status-publish","has-post-thumbnail","hentry"],"yoast_head":"<!-- This site is optimized with the Yoast SEO plugin v26.9 - https:\/\/yoast.com\/product\/yoast-seo-wordpress\/ -->\n<title>Greenpoint, il quartiere pi\u00f9 a Nord di Brooklyn | UBIQ NY<\/title>\n<meta name=\"description\" content=\"Greenpoint, il quartiere pi\u00f9 a Nord di Brooklyn ed \u00e8 sempre pi\u00f9 la meta ideale per single e famiglie in cerca di una comunit\u00e0 in cui inserirsi.\" \/>\n<meta name=\"robots\" content=\"noindex, follow, max-snippet:-1, max-image-preview:large, max-video-preview:-1\" \/>\n<meta property=\"og:locale\" content=\"it_IT\" \/>\n<meta property=\"og:type\" content=\"article\" \/>\n<meta property=\"og:title\" content=\"Greenpoint, il quartiere pi\u00f9 a Nord di Brooklyn | UBIQ NY\" \/>\n<meta property=\"og:description\" content=\"Greenpoint, il quartiere pi\u00f9 a Nord di Brooklyn ed \u00e8 sempre pi\u00f9 la meta ideale per single e famiglie in cerca di una comunit\u00e0 in cui inserirsi.\" \/>\n<meta property=\"og:url\" content=\"https:\/\/dev.ubiqny.com\/it\/quartieri\/greenpoint\/\" \/>\n<meta property=\"og:site_name\" content=\"UBIQ New York\" \/>\n<meta property=\"article:modified_time\" content=\"2019-07-09T09:29:40+00:00\" \/>\n<meta property=\"og:image\" content=\"https:\/\/dev.ubiqny.com\/wp-content\/uploads\/Greenpoint-Thumbnail.jpg\" \/>\n\t<meta property=\"og:image:width\" content=\"600\" \/>\n\t<meta property=\"og:image:height\" content=\"600\" \/>\n\t<meta property=\"og:image:type\" content=\"image\/jpeg\" \/>\n<meta name=\"twitter:card\" content=\"summary_large_image\" \/>\n<script type=\"application\/ld+json\" class=\"yoast-schema-graph\">{\"@context\":\"https:\/\/schema.org\",\"@graph\":[{\"@type\":\"WebPage\",\"@id\":\"https:\/\/dev.ubiqny.com\/it\/quartieri\/greenpoint\/\",\"url\":\"https:\/\/dev.ubiqny.com\/it\/quartieri\/greenpoint\/\",\"name\":\"Greenpoint, il quartiere pi\u00f9 a Nord di Brooklyn | UBIQ NY\",\"isPartOf\":{\"@id\":\"https:\/\/dev.ubiqny.com\/#website\"},\"primaryImageOfPage\":{\"@id\":\"https:\/\/dev.ubiqny.com\/it\/quartieri\/greenpoint\/#primaryimage\"},\"image\":{\"@id\":\"https:\/\/dev.ubiqny.com\/it\/quartieri\/greenpoint\/#primaryimage\"},\"thumbnailUrl\":\"https:\/\/dev.ubiqny.com\/wp-content\/uploads\/Greenpoint-Thumbnail.jpg\",\"datePublished\":\"2019-07-04T14:11:09+00:00\",\"dateModified\":\"2019-07-09T09:29:40+00:00\",\"description\":\"Greenpoint, il quartiere pi\u00f9 a Nord di Brooklyn ed \u00e8 sempre pi\u00f9 la meta ideale per single e famiglie in cerca di una comunit\u00e0 in cui inserirsi.\",\"breadcrumb\":{\"@id\":\"https:\/\/dev.ubiqny.com\/it\/quartieri\/greenpoint\/#breadcrumb\"},\"inLanguage\":\"it-IT\",\"potentialAction\":[{\"@type\":\"ReadAction\",\"target\":[\"https:\/\/dev.ubiqny.com\/it\/quartieri\/greenpoint\/\"]}]},{\"@type\":\"ImageObject\",\"inLanguage\":\"it-IT\",\"@id\":\"https:\/\/dev.ubiqny.com\/it\/quartieri\/greenpoint\/#primaryimage\",\"url\":\"https:\/\/dev.ubiqny.com\/wp-content\/uploads\/Greenpoint-Thumbnail.jpg\",\"contentUrl\":\"https:\/\/dev.ubiqny.com\/wp-content\/uploads\/Greenpoint-Thumbnail.jpg\",\"width\":600,\"height\":600},{\"@type\":\"BreadcrumbList\",\"@id\":\"https:\/\/dev.ubiqny.com\/it\/quartieri\/greenpoint\/#breadcrumb\",\"itemListElement\":[{\"@type\":\"ListItem\",\"position\":1,\"name\":\"Home\",\"item\":\"https:\/\/dev.ubiqny.com\/it\/\"},{\"@type\":\"ListItem\",\"position\":2,\"name\":\"I Quartieri\",\"item\":\"https:\/\/dev.ubiqny.com\/it\/quartieri\/\"},{\"@type\":\"ListItem\",\"position\":3,\"name\":\"Greenpoint\"}]},{\"@type\":\"WebSite\",\"@id\":\"https:\/\/dev.ubiqny.com\/#website\",\"url\":\"https:\/\/dev.ubiqny.com\/\",\"name\":\"UBIQ New York\",\"description\":\"Real estate services in New York\",\"potentialAction\":[{\"@type\":\"SearchAction\",\"target\":{\"@type\":\"EntryPoint\",\"urlTemplate\":\"https:\/\/dev.ubiqny.com\/?s={search_term_string}\"},\"query-input\":{\"@type\":\"PropertyValueSpecification\",\"valueRequired\":true,\"valueName\":\"search_term_string\"}}],\"inLanguage\":\"it-IT\"}]}<\/script>\n<!-- \/ Yoast SEO plugin. -->","yoast_head_json":{"title":"Greenpoint, il quartiere pi\u00f9 a Nord di Brooklyn | UBIQ NY","description":"Greenpoint, il quartiere pi\u00f9 a Nord di Brooklyn ed \u00e8 sempre pi\u00f9 la meta ideale per single e famiglie in cerca di una comunit\u00e0 in cui inserirsi.","robots":{"index":"noindex","follow":"follow","max-snippet":"max-snippet:-1","max-image-preview":"max-image-preview:large","max-video-preview":"max-video-preview:-1"},"og_locale":"it_IT","og_type":"article","og_title":"Greenpoint, il quartiere pi\u00f9 a Nord di Brooklyn | UBIQ NY","og_description":"Greenpoint, il quartiere pi\u00f9 a Nord di Brooklyn ed \u00e8 sempre pi\u00f9 la meta ideale per single e famiglie in cerca di una comunit\u00e0 in cui inserirsi.","og_url":"https:\/\/dev.ubiqny.com\/it\/quartieri\/greenpoint\/","og_site_name":"UBIQ New York","article_modified_time":"2019-07-09T09:29:40+00:00","og_image":[{"width":600,"height":600,"url":"https:\/\/dev.ubiqny.com\/wp-content\/uploads\/Greenpoint-Thumbnail.jpg","type":"image\/jpeg"}],"twitter_card":"summary_large_image","schema":{"@context":"https:\/\/schema.org","@graph":[{"@type":"WebPage","@id":"https:\/\/dev.ubiqny.com\/it\/quartieri\/greenpoint\/","url":"https:\/\/dev.ubiqny.com\/it\/quartieri\/greenpoint\/","name":"Greenpoint, il quartiere pi\u00f9 a Nord di Brooklyn | UBIQ NY","isPartOf":{"@id":"https:\/\/dev.ubiqny.com\/#website"},"primaryImageOfPage":{"@id":"https:\/\/dev.ubiqny.com\/it\/quartieri\/greenpoint\/#primaryimage"},"image":{"@id":"https:\/\/dev.ubiqny.com\/it\/quartieri\/greenpoint\/#primaryimage"},"thumbnailUrl":"https:\/\/dev.ubiqny.com\/wp-content\/uploads\/Greenpoint-Thumbnail.jpg","datePublished":"2019-07-04T14:11:09+00:00","dateModified":"2019-07-09T09:29:40+00:00","description":"Greenpoint, il quartiere pi\u00f9 a Nord di Brooklyn ed \u00e8 sempre pi\u00f9 la meta ideale per single e famiglie in cerca di una comunit\u00e0 in cui inserirsi.","breadcrumb":{"@id":"https:\/\/dev.ubiqny.com\/it\/quartieri\/greenpoint\/#breadcrumb"},"inLanguage":"it-IT","potentialAction":[{"@type":"ReadAction","target":["https:\/\/dev.ubiqny.com\/it\/quartieri\/greenpoint\/"]}]},{"@type":"ImageObject","inLanguage":"it-IT","@id":"https:\/\/dev.ubiqny.com\/it\/quartieri\/greenpoint\/#primaryimage","url":"https:\/\/dev.ubiqny.com\/wp-content\/uploads\/Greenpoint-Thumbnail.jpg","contentUrl":"https:\/\/dev.ubiqny.com\/wp-content\/uploads\/Greenpoint-Thumbnail.jpg","width":600,"height":600},{"@type":"BreadcrumbList","@id":"https:\/\/dev.ubiqny.com\/it\/quartieri\/greenpoint\/#breadcrumb","itemListElement":[{"@type":"ListItem","position":1,"name":"Home","item":"https:\/\/dev.ubiqny.com\/it\/"},{"@type":"ListItem","position":2,"name":"I Quartieri","item":"https:\/\/dev.ubiqny.com\/it\/quartieri\/"},{"@type":"ListItem","position":3,"name":"Greenpoint"}]},{"@type":"WebSite","@id":"https:\/\/dev.ubiqny.com\/#website","url":"https:\/\/dev.ubiqny.com\/","name":"UBIQ New York","description":"Real estate services in New York","potentialAction":[{"@type":"SearchAction","target":{"@type":"EntryPoint","urlTemplate":"https:\/\/dev.ubiqny.com\/?s={search_term_string}"},"query-input":{"@type":"PropertyValueSpecification","valueRequired":true,"valueName":"search_term_string"}}],"inLanguage":"it-IT"}]}},"_links":{"self":[{"href":"https:\/\/dev.ubiqny.com\/it\/wp-json\/wp\/v2\/pages\/1139","targetHints":{"allow":["GET"]}}],"collection":[{"href":"https:\/\/dev.ubiqny.com\/it\/wp-json\/wp\/v2\/pages"}],"about":[{"href":"https:\/\/dev.ubiqny.com\/it\/wp-json\/wp\/v2\/types\/page"}],"author":[{"embeddable":true,"href":"https:\/\/dev.ubiqny.com\/it\/wp-json\/wp\/v2\/users\/1"}],"replies":[{"embeddable":true,"href":"https:\/\/dev.ubiqny.com\/it\/wp-json\/wp\/v2\/comments?post=1139"}],"version-history":[{"count":1,"href":"https:\/\/dev.ubiqny.com\/it\/wp-json\/wp\/v2\/pages\/1139\/revisions"}],"predecessor-version":[{"id":1142,"href":"https:\/\/dev.ubiqny.com\/it\/wp-json\/wp\/v2\/pages\/1139\/revisions\/1142"}],"up":[{"embeddable":true,"href":"https:\/\/dev.ubiqny.com\/it\/wp-json\/wp\/v2\/pages\/717"}],"wp:featuredmedia":[{"embeddable":true,"href":"https:\/\/dev.ubiqny.com\/it\/wp-json\/wp\/v2\/media\/289"}],"wp:attachment":[{"href":"https:\/\/dev.ubiqny.com\/it\/wp-json\/wp\/v2\/media?parent=1139"}],"curies":[{"name":"wp","href":"https:\/\/api.w.org\/{rel}","templated":true}]}}