{"id":1204,"date":"2019-07-26T13:22:48","date_gmt":"2019-07-26T13:22:48","guid":{"rendered":"https:\/\/dev.ubiqny.com\/?page_id=1204"},"modified":"2019-07-26T13:22:48","modified_gmt":"2019-07-26T13:22:48","slug":"moma-tower-new-york","status":"publish","type":"page","link":"https:\/\/dev.ubiqny.com\/it\/new-development\/moma-tower-new-york\/","title":{"rendered":"Moma Tower di Jean Nouvel al 53W53"},"content":{"rendered":"","protected":false},"excerpt":{"rendered":"","protected":false},"author":1,"featured_media":0,"parent":715,"menu_order":1,"comment_status":"closed","ping_status":"open","template":"","meta":{"footnotes":""},"class_list":["post-1204","page","type-page","status-publish","hentry"],"yoast_head":"<!-- This site is optimized with the Yoast SEO plugin v26.9 - https:\/\/yoast.com\/product\/yoast-seo-wordpress\/ -->\n<title>Moma Tower di Jean Nouvel al 53W53 | UBIQ NY<\/title>\n<meta name=\"description\" content=\"Il Moma Tower di Jean Nouvel \u00e8 situato al 53W53 di New York ed \u00e8 un edificio iconico poich\u00e9 racconta lo stile di vita tipico newyorkese del 21\u00b0 secolo.\" \/>\n<meta name=\"robots\" content=\"noindex, follow, max-snippet:-1, max-image-preview:large, max-video-preview:-1\" \/>\n<meta property=\"og:locale\" content=\"it_IT\" \/>\n<meta property=\"og:type\" content=\"article\" \/>\n<meta property=\"og:title\" content=\"Moma Tower di Jean Nouvel al 53W53 | UBIQ NY\" \/>\n<meta property=\"og:description\" content=\"Il Moma Tower di Jean Nouvel \u00e8 situato al 53W53 di New York ed \u00e8 un edificio iconico poich\u00e9 racconta lo stile di vita tipico newyorkese del 21\u00b0 secolo.\" \/>\n<meta property=\"og:url\" content=\"https:\/\/dev.ubiqny.com\/it\/new-development\/moma-tower-new-york\/\" \/>\n<meta property=\"og:site_name\" content=\"UBIQ New York\" \/>\n<meta name=\"twitter:card\" content=\"summary_large_image\" \/>\n<script type=\"application\/ld+json\" class=\"yoast-schema-graph\">{\"@context\":\"https:\/\/schema.org\",\"@graph\":[{\"@type\":\"WebPage\",\"@id\":\"https:\/\/dev.ubiqny.com\/it\/new-development\/moma-tower-new-york\/\",\"url\":\"https:\/\/dev.ubiqny.com\/it\/new-development\/moma-tower-new-york\/\",\"name\":\"Moma Tower di Jean Nouvel al 53W53 | UBIQ NY\",\"isPartOf\":{\"@id\":\"https:\/\/dev.ubiqny.com\/#website\"},\"datePublished\":\"2019-07-26T13:22:48+00:00\",\"description\":\"Il Moma Tower di Jean Nouvel \u00e8 situato al 53W53 di New York ed \u00e8 un edificio iconico poich\u00e9 racconta lo stile di vita tipico newyorkese del 21\u00b0 secolo.\",\"breadcrumb\":{\"@id\":\"https:\/\/dev.ubiqny.com\/it\/new-development\/moma-tower-new-york\/#breadcrumb\"},\"inLanguage\":\"it-IT\",\"potentialAction\":[{\"@type\":\"ReadAction\",\"target\":[\"https:\/\/dev.ubiqny.com\/it\/new-development\/moma-tower-new-york\/\"]}]},{\"@type\":\"BreadcrumbList\",\"@id\":\"https:\/\/dev.ubiqny.com\/it\/new-development\/moma-tower-new-york\/#breadcrumb\",\"itemListElement\":[{\"@type\":\"ListItem\",\"position\":1,\"name\":\"Home\",\"item\":\"https:\/\/dev.ubiqny.com\/it\/\"},{\"@type\":\"ListItem\",\"position\":2,\"name\":\"New Development\",\"item\":\"https:\/\/dev.ubiqny.com\/it\/new-development\/\"},{\"@type\":\"ListItem\",\"position\":3,\"name\":\"Moma Tower di Jean Nouvel al 53W53\"}]},{\"@type\":\"WebSite\",\"@id\":\"https:\/\/dev.ubiqny.com\/#website\",\"url\":\"https:\/\/dev.ubiqny.com\/\",\"name\":\"UBIQ New York\",\"description\":\"Real estate services in New York\",\"potentialAction\":[{\"@type\":\"SearchAction\",\"target\":{\"@type\":\"EntryPoint\",\"urlTemplate\":\"https:\/\/dev.ubiqny.com\/?s={search_term_string}\"},\"query-input\":{\"@type\":\"PropertyValueSpecification\",\"valueRequired\":true,\"valueName\":\"search_term_string\"}}],\"inLanguage\":\"it-IT\"}]}<\/script>\n<!-- \/ Yoast SEO plugin. -->","yoast_head_json":{"title":"Moma Tower di Jean Nouvel al 53W53 | UBIQ NY","description":"Il Moma Tower di Jean Nouvel \u00e8 situato al 53W53 di New York ed \u00e8 un edificio iconico poich\u00e9 racconta lo stile di vita tipico newyorkese del 21\u00b0 secolo.","robots":{"index":"noindex","follow":"follow","max-snippet":"max-snippet:-1","max-image-preview":"max-image-preview:large","max-video-preview":"max-video-preview:-1"},"og_locale":"it_IT","og_type":"article","og_title":"Moma Tower di Jean Nouvel al 53W53 | UBIQ NY","og_description":"Il Moma Tower di Jean Nouvel \u00e8 situato al 53W53 di New York ed \u00e8 un edificio iconico poich\u00e9 racconta lo stile di vita tipico newyorkese del 21\u00b0 secolo.","og_url":"https:\/\/dev.ubiqny.com\/it\/new-development\/moma-tower-new-york\/","og_site_name":"UBIQ New York","twitter_card":"summary_large_image","schema":{"@context":"https:\/\/schema.org","@graph":[{"@type":"WebPage","@id":"https:\/\/dev.ubiqny.com\/it\/new-development\/moma-tower-new-york\/","url":"https:\/\/dev.ubiqny.com\/it\/new-development\/moma-tower-new-york\/","name":"Moma Tower di Jean Nouvel al 53W53 | UBIQ NY","isPartOf":{"@id":"https:\/\/dev.ubiqny.com\/#website"},"datePublished":"2019-07-26T13:22:48+00:00","description":"Il Moma Tower di Jean Nouvel \u00e8 situato al 53W53 di New York ed \u00e8 un edificio iconico poich\u00e9 racconta lo stile di vita tipico newyorkese del 21\u00b0 secolo.","breadcrumb":{"@id":"https:\/\/dev.ubiqny.com\/it\/new-development\/moma-tower-new-york\/#breadcrumb"},"inLanguage":"it-IT","potentialAction":[{"@type":"ReadAction","target":["https:\/\/dev.ubiqny.com\/it\/new-development\/moma-tower-new-york\/"]}]},{"@type":"BreadcrumbList","@id":"https:\/\/dev.ubiqny.com\/it\/new-development\/moma-tower-new-york\/#breadcrumb","itemListElement":[{"@type":"ListItem","position":1,"name":"Home","item":"https:\/\/dev.ubiqny.com\/it\/"},{"@type":"ListItem","position":2,"name":"New Development","item":"https:\/\/dev.ubiqny.com\/it\/new-development\/"},{"@type":"ListItem","position":3,"name":"Moma Tower di Jean Nouvel al 53W53"}]},{"@type":"WebSite","@id":"https:\/\/dev.ubiqny.com\/#website","url":"https:\/\/dev.ubiqny.com\/","name":"UBIQ New York","description":"Real estate services in New York","potentialAction":[{"@type":"SearchAction","target":{"@type":"EntryPoint","urlTemplate":"https:\/\/dev.ubiqny.com\/?s={search_term_string}"},"query-input":{"@type":"PropertyValueSpecification","valueRequired":true,"valueName":"search_term_string"}}],"inLanguage":"it-IT"}]}},"_links":{"self":[{"href":"https:\/\/dev.ubiqny.com\/it\/wp-json\/wp\/v2\/pages\/1204","targetHints":{"allow":["GET"]}}],"collection":[{"href":"https:\/\/dev.ubiqny.com\/it\/wp-json\/wp\/v2\/pages"}],"about":[{"href":"https:\/\/dev.ubiqny.com\/it\/wp-json\/wp\/v2\/types\/page"}],"author":[{"embeddable":true,"href":"https:\/\/dev.ubiqny.com\/it\/wp-json\/wp\/v2\/users\/1"}],"replies":[{"embeddable":true,"href":"https:\/\/dev.ubiqny.com\/it\/wp-json\/wp\/v2\/comments?post=1204"}],"version-history":[{"count":1,"href":"https:\/\/dev.ubiqny.com\/it\/wp-json\/wp\/v2\/pages\/1204\/revisions"}],"predecessor-version":[{"id":1205,"href":"https:\/\/dev.ubiqny.com\/it\/wp-json\/wp\/v2\/pages\/1204\/revisions\/1205"}],"up":[{"embeddable":true,"href":"https:\/\/dev.ubiqny.com\/it\/wp-json\/wp\/v2\/pages\/715"}],"wp:attachment":[{"href":"https:\/\/dev.ubiqny.com\/it\/wp-json\/wp\/v2\/media?parent=1204"}],"curies":[{"name":"wp","href":"https:\/\/api.w.org\/{rel}","templated":true}]}}