{"id":717,"date":"2017-01-30T12:27:48","date_gmt":"2017-01-30T12:27:48","guid":{"rendered":"https:\/\/dev.ubiqny.com\/?page_id=717\/"},"modified":"2019-07-04T12:23:46","modified_gmt":"2019-07-04T12:23:46","slug":"quartieri","status":"publish","type":"page","link":"https:\/\/dev.ubiqny.com\/it\/quartieri\/","title":{"rendered":"I Quartieri"},"content":{"rendered":"","protected":false},"excerpt":{"rendered":"","protected":false},"author":1,"featured_media":0,"parent":0,"menu_order":99,"comment_status":"closed","ping_status":"open","template":"","meta":{"footnotes":""},"class_list":["post-717","page","type-page","status-publish","hentry"],"yoast_head":"<!-- This site is optimized with the Yoast SEO plugin v26.9 - https:\/\/yoast.com\/product\/yoast-seo-wordpress\/ -->\n<title>Quartieri di New York: guida alle zone della citt\u00e0 | UBIQ NY<\/title>\n<meta name=\"description\" content=\"Guida ai quartieri di New York tramite cui individuare le propriet\u00e0 disponibili e valutare la qualit\u00e0 dell&#039;investimento in base ai servizi.\" \/>\n<meta name=\"robots\" content=\"noindex, follow, max-snippet:-1, max-image-preview:large, max-video-preview:-1\" \/>\n<meta property=\"og:locale\" content=\"it_IT\" \/>\n<meta property=\"og:type\" content=\"article\" \/>\n<meta property=\"og:title\" content=\"Quartieri di New York: guida alle zone della citt\u00e0 | UBIQ NY\" \/>\n<meta property=\"og:description\" content=\"Guida ai quartieri di New York tramite cui individuare le propriet\u00e0 disponibili e valutare la qualit\u00e0 dell&#039;investimento in base ai servizi.\" \/>\n<meta property=\"og:url\" content=\"https:\/\/dev.ubiqny.com\/it\/quartieri\/\" \/>\n<meta property=\"og:site_name\" content=\"UBIQ New York\" \/>\n<meta property=\"article:modified_time\" content=\"2019-07-04T12:23:46+00:00\" \/>\n<meta name=\"twitter:card\" content=\"summary_large_image\" \/>\n<script type=\"application\/ld+json\" class=\"yoast-schema-graph\">{\"@context\":\"https:\/\/schema.org\",\"@graph\":[{\"@type\":\"WebPage\",\"@id\":\"https:\/\/dev.ubiqny.com\/it\/quartieri\/\",\"url\":\"https:\/\/dev.ubiqny.com\/it\/quartieri\/\",\"name\":\"Quartieri di New York: guida alle zone della citt\u00e0 | UBIQ NY\",\"isPartOf\":{\"@id\":\"https:\/\/dev.ubiqny.com\/#website\"},\"datePublished\":\"2017-01-30T12:27:48+00:00\",\"dateModified\":\"2019-07-04T12:23:46+00:00\",\"description\":\"Guida ai quartieri di New York tramite cui individuare le propriet\u00e0 disponibili e valutare la qualit\u00e0 dell'investimento in base ai servizi.\",\"breadcrumb\":{\"@id\":\"https:\/\/dev.ubiqny.com\/it\/quartieri\/#breadcrumb\"},\"inLanguage\":\"it-IT\",\"potentialAction\":[{\"@type\":\"ReadAction\",\"target\":[\"https:\/\/dev.ubiqny.com\/it\/quartieri\/\"]}]},{\"@type\":\"BreadcrumbList\",\"@id\":\"https:\/\/dev.ubiqny.com\/it\/quartieri\/#breadcrumb\",\"itemListElement\":[{\"@type\":\"ListItem\",\"position\":1,\"name\":\"Home\",\"item\":\"https:\/\/dev.ubiqny.com\/it\/\"},{\"@type\":\"ListItem\",\"position\":2,\"name\":\"I Quartieri\"}]},{\"@type\":\"WebSite\",\"@id\":\"https:\/\/dev.ubiqny.com\/#website\",\"url\":\"https:\/\/dev.ubiqny.com\/\",\"name\":\"UBIQ New York\",\"description\":\"Real estate services in New York\",\"potentialAction\":[{\"@type\":\"SearchAction\",\"target\":{\"@type\":\"EntryPoint\",\"urlTemplate\":\"https:\/\/dev.ubiqny.com\/?s={search_term_string}\"},\"query-input\":{\"@type\":\"PropertyValueSpecification\",\"valueRequired\":true,\"valueName\":\"search_term_string\"}}],\"inLanguage\":\"it-IT\"}]}<\/script>\n<!-- \/ Yoast SEO plugin. -->","yoast_head_json":{"title":"Quartieri di New York: guida alle zone della citt\u00e0 | UBIQ NY","description":"Guida ai quartieri di New York tramite cui individuare le propriet\u00e0 disponibili e valutare la qualit\u00e0 dell'investimento in base ai servizi.","robots":{"index":"noindex","follow":"follow","max-snippet":"max-snippet:-1","max-image-preview":"max-image-preview:large","max-video-preview":"max-video-preview:-1"},"og_locale":"it_IT","og_type":"article","og_title":"Quartieri di New York: guida alle zone della citt\u00e0 | UBIQ NY","og_description":"Guida ai quartieri di New York tramite cui individuare le propriet\u00e0 disponibili e valutare la qualit\u00e0 dell'investimento in base ai servizi.","og_url":"https:\/\/dev.ubiqny.com\/it\/quartieri\/","og_site_name":"UBIQ New York","article_modified_time":"2019-07-04T12:23:46+00:00","twitter_card":"summary_large_image","schema":{"@context":"https:\/\/schema.org","@graph":[{"@type":"WebPage","@id":"https:\/\/dev.ubiqny.com\/it\/quartieri\/","url":"https:\/\/dev.ubiqny.com\/it\/quartieri\/","name":"Quartieri di New York: guida alle zone della citt\u00e0 | UBIQ NY","isPartOf":{"@id":"https:\/\/dev.ubiqny.com\/#website"},"datePublished":"2017-01-30T12:27:48+00:00","dateModified":"2019-07-04T12:23:46+00:00","description":"Guida ai quartieri di New York tramite cui individuare le propriet\u00e0 disponibili e valutare la qualit\u00e0 dell'investimento in base ai servizi.","breadcrumb":{"@id":"https:\/\/dev.ubiqny.com\/it\/quartieri\/#breadcrumb"},"inLanguage":"it-IT","potentialAction":[{"@type":"ReadAction","target":["https:\/\/dev.ubiqny.com\/it\/quartieri\/"]}]},{"@type":"BreadcrumbList","@id":"https:\/\/dev.ubiqny.com\/it\/quartieri\/#breadcrumb","itemListElement":[{"@type":"ListItem","position":1,"name":"Home","item":"https:\/\/dev.ubiqny.com\/it\/"},{"@type":"ListItem","position":2,"name":"I Quartieri"}]},{"@type":"WebSite","@id":"https:\/\/dev.ubiqny.com\/#website","url":"https:\/\/dev.ubiqny.com\/","name":"UBIQ New York","description":"Real estate services in New York","potentialAction":[{"@type":"SearchAction","target":{"@type":"EntryPoint","urlTemplate":"https:\/\/dev.ubiqny.com\/?s={search_term_string}"},"query-input":{"@type":"PropertyValueSpecification","valueRequired":true,"valueName":"search_term_string"}}],"inLanguage":"it-IT"}]}},"_links":{"self":[{"href":"https:\/\/dev.ubiqny.com\/it\/wp-json\/wp\/v2\/pages\/717","targetHints":{"allow":["GET"]}}],"collection":[{"href":"https:\/\/dev.ubiqny.com\/it\/wp-json\/wp\/v2\/pages"}],"about":[{"href":"https:\/\/dev.ubiqny.com\/it\/wp-json\/wp\/v2\/types\/page"}],"author":[{"embeddable":true,"href":"https:\/\/dev.ubiqny.com\/it\/wp-json\/wp\/v2\/users\/1"}],"replies":[{"embeddable":true,"href":"https:\/\/dev.ubiqny.com\/it\/wp-json\/wp\/v2\/comments?post=717"}],"version-history":[{"count":2,"href":"https:\/\/dev.ubiqny.com\/it\/wp-json\/wp\/v2\/pages\/717\/revisions"}],"predecessor-version":[{"id":745,"href":"https:\/\/dev.ubiqny.com\/it\/wp-json\/wp\/v2\/pages\/717\/revisions\/745"}],"wp:attachment":[{"href":"https:\/\/dev.ubiqny.com\/it\/wp-json\/wp\/v2\/media?parent=717"}],"curies":[{"name":"wp","href":"https:\/\/api.w.org\/{rel}","templated":true}]}}